{"id":1180,"date":"2023-10-30T09:02:27","date_gmt":"2023-10-30T08:02:27","guid":{"rendered":"https:\/\/www.samie38.fr\/?page_id=1180"},"modified":"2024-03-11T07:28:55","modified_gmt":"2024-03-11T06:28:55","slug":"mars-2024","status":"publish","type":"page","link":"https:\/\/www.samie38.fr\/index.php\/mars-2024\/","title":{"rendered":"Mars 2024"},"content":{"rendered":"\t\t<div data-elementor-type=\"wp-page\" data-elementor-id=\"1180\" class=\"elementor elementor-1180\" data-elementor-post-type=\"page\">\n\t\t\t\t\t\t<section class=\"elementor-section elementor-top-section elementor-element elementor-element-049a9f1 elementor-section-boxed elementor-section-height-default elementor-section-height-default\" data-id=\"049a9f1\" data-element_type=\"section\" data-e-type=\"section\">\n\t\t\t\t\t\t<div class=\"elementor-container elementor-column-gap-default\">\n\t\t\t\t\t<div class=\"elementor-column elementor-col-100 elementor-top-column elementor-element elementor-element-0e4c5a5\" data-id=\"0e4c5a5\" data-element_type=\"column\" data-e-type=\"column\">\n\t\t\t<div class=\"elementor-widget-wrap elementor-element-populated\">\n\t\t\t\t\t\t<div class=\"elementor-element elementor-element-cbd8a62 elementor-widget elementor-widget-heading\" data-id=\"cbd8a62\" data-element_type=\"widget\" data-e-type=\"widget\" data-widget_type=\"heading.default\">\n\t\t\t\t<div class=\"elementor-widget-container\">\n\t\t\t\t\t<h2 class=\"elementor-heading-title elementor-size-default\">Edition de MARS 2024<\/h2>\t\t\t\t<\/div>\n\t\t\t\t<\/div>\n\t\t\t\t\t<\/div>\n\t\t<\/div>\n\t\t\t\t\t<\/div>\n\t\t<\/section>\n\t\t\t\t<section class=\"elementor-section elementor-top-section elementor-element elementor-element-6ca71f9 elementor-section-boxed elementor-section-height-default elementor-section-height-default\" data-id=\"6ca71f9\" data-element_type=\"section\" data-e-type=\"section\">\n\t\t\t\t\t\t<div class=\"elementor-container elementor-column-gap-default\">\n\t\t\t\t\t<div class=\"elementor-column elementor-col-50 elementor-top-column elementor-element elementor-element-57746be\" data-id=\"57746be\" data-element_type=\"column\" data-e-type=\"column\">\n\t\t\t<div class=\"elementor-widget-wrap elementor-element-populated\">\n\t\t\t\t\t\t<div class=\"elementor-element elementor-element-79872a2 elementor-widget elementor-widget-text-editor\" data-id=\"79872a2\" data-element_type=\"widget\" data-e-type=\"widget\" data-widget_type=\"text-editor.default\">\n\t\t\t\t<div class=\"elementor-widget-container\">\n\t\t\t\t\t\t\t\t\t<p>Cette \u00e9dition se tiendra du&nbsp;<\/p>\t\t\t\t\t\t\t\t<\/div>\n\t\t\t\t<\/div>\n\t\t\t\t<div class=\"elementor-element elementor-element-01005eb elementor-widget elementor-widget-text-editor\" data-id=\"01005eb\" data-element_type=\"widget\" data-e-type=\"widget\" data-widget_type=\"text-editor.default\">\n\t\t\t\t<div class=\"elementor-widget-container\">\n\t\t\t\t\t\t\t\t\t<h3>samedi 23 mars au dimanche 24 mars 2024.<\/h3>\t\t\t\t\t\t\t\t<\/div>\n\t\t\t\t<\/div>\n\t\t\t\t<div class=\"elementor-element elementor-element-9ddf186 elementor-widget elementor-widget-text-editor\" data-id=\"9ddf186\" data-element_type=\"widget\" data-e-type=\"widget\" data-widget_type=\"text-editor.default\">\n\t\t\t\t<div class=\"elementor-widget-container\">\n\t\t\t\t\t\t\t\t\t<p><strong>Lieu<\/strong> : Maison de quartier Fernand Texier\u00a0<\/p><p>163 avenue Ambroise Croizat<\/p><p>\u00a038400 Saint Martin d&rsquo;H\u00e8res<\/p>\t\t\t\t\t\t\t\t<\/div>\n\t\t\t\t<\/div>\n\t\t\t\t<div class=\"elementor-element elementor-element-ac38ebe elementor-widget elementor-widget-text-editor\" data-id=\"ac38ebe\" data-element_type=\"widget\" data-e-type=\"widget\" data-widget_type=\"text-editor.default\">\n\t\t\t\t<div class=\"elementor-widget-container\">\n\t\t\t\t\t\t\t\t\t<p><strong>Horaires<\/strong> : 9h \u00e0 18h<\/p>\t\t\t\t\t\t\t\t<\/div>\n\t\t\t\t<\/div>\n\t\t\t\t<div class=\"elementor-element elementor-element-fb480d1 elementor-widget elementor-widget-text-editor\" data-id=\"fb480d1\" data-element_type=\"widget\" data-e-type=\"widget\" data-widget_type=\"text-editor.default\">\n\t\t\t\t<div class=\"elementor-widget-container\">\n\t\t\t\t\t\t\t\t\t<p><strong>Tarif<\/strong> : Entr\u00e9e gratuite<\/p>\t\t\t\t\t\t\t\t<\/div>\n\t\t\t\t<\/div>\n\t\t\t\t\t<\/div>\n\t\t<\/div>\n\t\t\t\t<div class=\"elementor-column elementor-col-50 elementor-top-column elementor-element elementor-element-5853cf2\" data-id=\"5853cf2\" data-element_type=\"column\" data-e-type=\"column\">\n\t\t\t<div class=\"elementor-widget-wrap elementor-element-populated\">\n\t\t\t\t\t\t<div class=\"elementor-element elementor-element-16f62fc elementor-widget elementor-widget-button\" data-id=\"16f62fc\" data-element_type=\"widget\" data-e-type=\"widget\" data-widget_type=\"button.default\">\n\t\t\t\t<div class=\"elementor-widget-container\">\n\t\t\t\t\t\t\t\t\t<div class=\"elementor-button-wrapper\">\n\t\t\t\t\t<a class=\"elementor-button elementor-button-link elementor-size-lg\" href=\"https:\/\/www.samie38.fr\/index.php\/mars-2024\/exposants-mars-2024\/\">\n\t\t\t\t\t\t<span class=\"elementor-button-content-wrapper\">\n\t\t\t\t\t\t\t\t\t<span class=\"elementor-button-text\">Liste des exposants<\/span>\n\t\t\t\t\t<\/span>\n\t\t\t\t\t<\/a>\n\t\t\t\t<\/div>\n\t\t\t\t\t\t\t\t<\/div>\n\t\t\t\t<\/div>\n\t\t\t\t<div class=\"elementor-element elementor-element-123b620 elementor-widget elementor-widget-button\" data-id=\"123b620\" data-element_type=\"widget\" data-e-type=\"widget\" data-widget_type=\"button.default\">\n\t\t\t\t<div class=\"elementor-widget-container\">\n\t\t\t\t\t\t\t\t\t<div class=\"elementor-button-wrapper\">\n\t\t\t\t\t<a class=\"elementor-button elementor-button-link elementor-size-lg\" href=\"https:\/\/www.samie38.fr\/index.php\/mars-2024\/conferences-mars-2024\/\">\n\t\t\t\t\t\t<span class=\"elementor-button-content-wrapper\">\n\t\t\t\t\t\t\t\t\t<span class=\"elementor-button-text\">Planning des conf\u00e9rences<\/span>\n\t\t\t\t\t<\/span>\n\t\t\t\t\t<\/a>\n\t\t\t\t<\/div>\n\t\t\t\t\t\t\t\t<\/div>\n\t\t\t\t<\/div>\n\t\t\t\t\t<\/div>\n\t\t<\/div>\n\t\t\t\t\t<\/div>\n\t\t<\/section>\n\t\t\t\t<section class=\"elementor-section elementor-top-section elementor-element elementor-element-672af9a elementor-section-boxed elementor-section-height-default elementor-section-height-default\" data-id=\"672af9a\" data-element_type=\"section\" data-e-type=\"section\">\n\t\t\t\t\t\t<div class=\"elementor-container elementor-column-gap-default\">\n\t\t\t\t\t<div class=\"elementor-column elementor-col-100 elementor-top-column elementor-element elementor-element-8761ed3\" data-id=\"8761ed3\" data-element_type=\"column\" data-e-type=\"column\">\n\t\t\t<div class=\"elementor-widget-wrap elementor-element-populated\">\n\t\t\t\t\t\t<div class=\"elementor-element elementor-element-ed9c86d elementor-widget elementor-widget-google_maps\" data-id=\"ed9c86d\" data-element_type=\"widget\" data-e-type=\"widget\" data-widget_type=\"google_maps.default\">\n\t\t\t\t<div class=\"elementor-widget-container\">\n\t\t\t\t\t\t\t<div class=\"elementor-custom-embed\">\n\t\t\t<iframe loading=\"lazy\"\n\t\t\t\t\tsrc=\"https:\/\/maps.google.com\/maps?q=163%20Av.%20Ambroise%20Croizat%2C%2038400%20Saint-Martin-d%27H%C3%A8res&#038;t=m&#038;z=15&#038;output=embed&#038;iwloc=near\"\n\t\t\t\t\ttitle=\"163 Av. Ambroise Croizat, 38400 Saint-Martin-d&#039;H\u00e8res\"\n\t\t\t\t\taria-label=\"163 Av. Ambroise Croizat, 38400 Saint-Martin-d&#039;H\u00e8res\"\n\t\t\t><\/iframe>\n\t\t<\/div>\n\t\t\t\t\t\t<\/div>\n\t\t\t\t<\/div>\n\t\t\t\t\t<\/div>\n\t\t<\/div>\n\t\t\t\t\t<\/div>\n\t\t<\/section>\n\t\t\t\t<\/div>\n\t\t","protected":false},"excerpt":{"rendered":"<p>Edition de MARS 2024 Cette \u00e9dition se tiendra du&nbsp; samedi 23 mars au dimanche 24 mars 2024. Lieu : Maison de quartier Fernand Texier\u00a0 163 avenue Ambroise Croizat \u00a038400 Saint Martin d&rsquo;H\u00e8res Horaires : 9h \u00e0 18h Tarif : Entr\u00e9e gratuite Liste des exposants Planning des conf\u00e9rences<\/p>\n","protected":false},"author":1,"featured_media":0,"parent":0,"menu_order":0,"comment_status":"closed","ping_status":"closed","template":"elementor_header_footer","meta":{"footnotes":""},"class_list":["post-1180","page","type-page","status-publish","hentry"],"yoast_head":"<!-- This site is optimized with the Yoast SEO plugin v27.2 - https:\/\/yoast.com\/product\/yoast-seo-wordpress\/ -->\n<title>Mars 2024 - Samie - Le salon du mieux-\u00eatre<\/title>\n<meta name=\"robots\" content=\"index, follow, max-snippet:-1, max-image-preview:large, max-video-preview:-1\" \/>\n<link rel=\"canonical\" href=\"https:\/\/www.samie38.fr\/index.php\/mars-2024\/\" \/>\n<meta property=\"og:locale\" content=\"fr_FR\" \/>\n<meta property=\"og:type\" content=\"article\" \/>\n<meta property=\"og:title\" content=\"Mars 2024 - Samie - Le salon du mieux-\u00eatre\" \/>\n<meta property=\"og:description\" content=\"Edition de MARS 2024 Cette \u00e9dition se tiendra du&nbsp; samedi 23 mars au dimanche 24 mars 2024. Lieu : Maison de quartier Fernand Texier\u00a0 163 avenue Ambroise Croizat \u00a038400 Saint Martin d&rsquo;H\u00e8res Horaires : 9h \u00e0 18h Tarif : Entr\u00e9e gratuite Liste des exposants Planning des conf\u00e9rences\" \/>\n<meta property=\"og:url\" content=\"https:\/\/www.samie38.fr\/index.php\/mars-2024\/\" \/>\n<meta property=\"og:site_name\" content=\"Samie - Le salon du mieux-\u00eatre\" \/>\n<meta property=\"article:publisher\" content=\"https:\/\/www.facebook.com\/samie38\/\" \/>\n<meta property=\"article:modified_time\" content=\"2024-03-11T06:28:55+00:00\" \/>\n<meta name=\"twitter:card\" content=\"summary_large_image\" \/>\n<meta name=\"twitter:label1\" content=\"Dur\u00e9e de lecture estim\u00e9e\" \/>\n\t<meta name=\"twitter:data1\" content=\"1 minute\" \/>\n<script type=\"application\/ld+json\" class=\"yoast-schema-graph\">{\"@context\":\"https:\/\/schema.org\",\"@graph\":[{\"@type\":\"WebPage\",\"@id\":\"https:\/\/www.samie38.fr\/index.php\/mars-2024\/\",\"url\":\"https:\/\/www.samie38.fr\/index.php\/mars-2024\/\",\"name\":\"Mars 2024 - Samie - Le salon du mieux-\u00eatre\",\"isPartOf\":{\"@id\":\"https:\/\/www.samie38.fr\/#website\"},\"datePublished\":\"2023-10-30T08:02:27+00:00\",\"dateModified\":\"2024-03-11T06:28:55+00:00\",\"breadcrumb\":{\"@id\":\"https:\/\/www.samie38.fr\/index.php\/mars-2024\/#breadcrumb\"},\"inLanguage\":\"fr-FR\",\"potentialAction\":[{\"@type\":\"ReadAction\",\"target\":[\"https:\/\/www.samie38.fr\/index.php\/mars-2024\/\"]}]},{\"@type\":\"BreadcrumbList\",\"@id\":\"https:\/\/www.samie38.fr\/index.php\/mars-2024\/#breadcrumb\",\"itemListElement\":[{\"@type\":\"ListItem\",\"position\":1,\"name\":\"Accueil\",\"item\":\"https:\/\/www.samie38.fr\/\"},{\"@type\":\"ListItem\",\"position\":2,\"name\":\"Mars 2024\"}]},{\"@type\":\"WebSite\",\"@id\":\"https:\/\/www.samie38.fr\/#website\",\"url\":\"https:\/\/www.samie38.fr\/\",\"name\":\"Samie - Le salon du mieux-\u00eatre\",\"description\":\"\",\"publisher\":{\"@id\":\"https:\/\/www.samie38.fr\/#organization\"},\"potentialAction\":[{\"@type\":\"SearchAction\",\"target\":{\"@type\":\"EntryPoint\",\"urlTemplate\":\"https:\/\/www.samie38.fr\/?s={search_term_string}\"},\"query-input\":{\"@type\":\"PropertyValueSpecification\",\"valueRequired\":true,\"valueName\":\"search_term_string\"}}],\"inLanguage\":\"fr-FR\"},{\"@type\":\"Organization\",\"@id\":\"https:\/\/www.samie38.fr\/#organization\",\"name\":\"Samie - Le salon du mieux-\u00eatre\",\"url\":\"https:\/\/www.samie38.fr\/\",\"logo\":{\"@type\":\"ImageObject\",\"inLanguage\":\"fr-FR\",\"@id\":\"https:\/\/www.samie38.fr\/#\/schema\/logo\/image\/\",\"url\":\"https:\/\/www.samie38.fr\/wp-content\/uploads\/2023\/04\/Banniere-3-e1719984867829.gif\",\"contentUrl\":\"https:\/\/www.samie38.fr\/wp-content\/uploads\/2023\/04\/Banniere-3-e1719984867829.gif\",\"width\":900,\"height\":300,\"caption\":\"Samie - Le salon du mieux-\u00eatre\"},\"image\":{\"@id\":\"https:\/\/www.samie38.fr\/#\/schema\/logo\/image\/\"},\"sameAs\":[\"https:\/\/www.facebook.com\/samie38\/\"]}]}<\/script>\n<!-- \/ Yoast SEO plugin. -->","yoast_head_json":{"title":"Mars 2024 - Samie - Le salon du mieux-\u00eatre","robots":{"index":"index","follow":"follow","max-snippet":"max-snippet:-1","max-image-preview":"max-image-preview:large","max-video-preview":"max-video-preview:-1"},"canonical":"https:\/\/www.samie38.fr\/index.php\/mars-2024\/","og_locale":"fr_FR","og_type":"article","og_title":"Mars 2024 - Samie - Le salon du mieux-\u00eatre","og_description":"Edition de MARS 2024 Cette \u00e9dition se tiendra du&nbsp; samedi 23 mars au dimanche 24 mars 2024. Lieu : Maison de quartier Fernand Texier\u00a0 163 avenue Ambroise Croizat \u00a038400 Saint Martin d&rsquo;H\u00e8res Horaires : 9h \u00e0 18h Tarif : Entr\u00e9e gratuite Liste des exposants Planning des conf\u00e9rences","og_url":"https:\/\/www.samie38.fr\/index.php\/mars-2024\/","og_site_name":"Samie - Le salon du mieux-\u00eatre","article_publisher":"https:\/\/www.facebook.com\/samie38\/","article_modified_time":"2024-03-11T06:28:55+00:00","twitter_card":"summary_large_image","twitter_misc":{"Dur\u00e9e de lecture estim\u00e9e":"1 minute"},"schema":{"@context":"https:\/\/schema.org","@graph":[{"@type":"WebPage","@id":"https:\/\/www.samie38.fr\/index.php\/mars-2024\/","url":"https:\/\/www.samie38.fr\/index.php\/mars-2024\/","name":"Mars 2024 - Samie - Le salon du mieux-\u00eatre","isPartOf":{"@id":"https:\/\/www.samie38.fr\/#website"},"datePublished":"2023-10-30T08:02:27+00:00","dateModified":"2024-03-11T06:28:55+00:00","breadcrumb":{"@id":"https:\/\/www.samie38.fr\/index.php\/mars-2024\/#breadcrumb"},"inLanguage":"fr-FR","potentialAction":[{"@type":"ReadAction","target":["https:\/\/www.samie38.fr\/index.php\/mars-2024\/"]}]},{"@type":"BreadcrumbList","@id":"https:\/\/www.samie38.fr\/index.php\/mars-2024\/#breadcrumb","itemListElement":[{"@type":"ListItem","position":1,"name":"Accueil","item":"https:\/\/www.samie38.fr\/"},{"@type":"ListItem","position":2,"name":"Mars 2024"}]},{"@type":"WebSite","@id":"https:\/\/www.samie38.fr\/#website","url":"https:\/\/www.samie38.fr\/","name":"Samie - Le salon du mieux-\u00eatre","description":"","publisher":{"@id":"https:\/\/www.samie38.fr\/#organization"},"potentialAction":[{"@type":"SearchAction","target":{"@type":"EntryPoint","urlTemplate":"https:\/\/www.samie38.fr\/?s={search_term_string}"},"query-input":{"@type":"PropertyValueSpecification","valueRequired":true,"valueName":"search_term_string"}}],"inLanguage":"fr-FR"},{"@type":"Organization","@id":"https:\/\/www.samie38.fr\/#organization","name":"Samie - Le salon du mieux-\u00eatre","url":"https:\/\/www.samie38.fr\/","logo":{"@type":"ImageObject","inLanguage":"fr-FR","@id":"https:\/\/www.samie38.fr\/#\/schema\/logo\/image\/","url":"https:\/\/www.samie38.fr\/wp-content\/uploads\/2023\/04\/Banniere-3-e1719984867829.gif","contentUrl":"https:\/\/www.samie38.fr\/wp-content\/uploads\/2023\/04\/Banniere-3-e1719984867829.gif","width":900,"height":300,"caption":"Samie - Le salon du mieux-\u00eatre"},"image":{"@id":"https:\/\/www.samie38.fr\/#\/schema\/logo\/image\/"},"sameAs":["https:\/\/www.facebook.com\/samie38\/"]}]}},"jetpack_sharing_enabled":true,"_links":{"self":[{"href":"https:\/\/www.samie38.fr\/index.php\/wp-json\/wp\/v2\/pages\/1180","targetHints":{"allow":["GET"]}}],"collection":[{"href":"https:\/\/www.samie38.fr\/index.php\/wp-json\/wp\/v2\/pages"}],"about":[{"href":"https:\/\/www.samie38.fr\/index.php\/wp-json\/wp\/v2\/types\/page"}],"author":[{"embeddable":true,"href":"https:\/\/www.samie38.fr\/index.php\/wp-json\/wp\/v2\/users\/1"}],"replies":[{"embeddable":true,"href":"https:\/\/www.samie38.fr\/index.php\/wp-json\/wp\/v2\/comments?post=1180"}],"version-history":[{"count":17,"href":"https:\/\/www.samie38.fr\/index.php\/wp-json\/wp\/v2\/pages\/1180\/revisions"}],"predecessor-version":[{"id":2110,"href":"https:\/\/www.samie38.fr\/index.php\/wp-json\/wp\/v2\/pages\/1180\/revisions\/2110"}],"wp:attachment":[{"href":"https:\/\/www.samie38.fr\/index.php\/wp-json\/wp\/v2\/media?parent=1180"}],"curies":[{"name":"wp","href":"https:\/\/api.w.org\/{rel}","templated":true}]}}