{"id":170,"date":"2023-04-23T14:53:19","date_gmt":"2023-04-23T12:53:19","guid":{"rendered":"http:\/\/www.samie38.fr\/?page_id=170"},"modified":"2024-06-16T11:34:09","modified_gmt":"2024-06-16T09:34:09","slug":"nous-contacter","status":"publish","type":"page","link":"https:\/\/www.samie38.fr\/index.php\/nous-contacter\/","title":{"rendered":"Nous contacter"},"content":{"rendered":"\t\t<div data-elementor-type=\"wp-page\" data-elementor-id=\"170\" class=\"elementor elementor-170\" data-elementor-post-type=\"page\">\n\t\t\t\t\t\t<section class=\"elementor-section elementor-top-section elementor-element elementor-element-3352b52 elementor-section-boxed elementor-section-height-default elementor-section-height-default\" data-id=\"3352b52\" data-element_type=\"section\" data-e-type=\"section\">\n\t\t\t\t\t\t<div class=\"elementor-container elementor-column-gap-default\">\n\t\t\t\t\t<div class=\"elementor-column elementor-col-100 elementor-top-column elementor-element elementor-element-04cf238\" data-id=\"04cf238\" data-element_type=\"column\" data-e-type=\"column\">\n\t\t\t<div class=\"elementor-widget-wrap elementor-element-populated\">\n\t\t\t\t\t\t<div class=\"elementor-element elementor-element-e1269cc elementor-widget elementor-widget-heading\" data-id=\"e1269cc\" data-element_type=\"widget\" data-e-type=\"widget\" data-widget_type=\"heading.default\">\n\t\t\t\t<div class=\"elementor-widget-container\">\n\t\t\t\t\t<h2 class=\"elementor-heading-title elementor-size-default\">Contactez-nous<\/h2>\t\t\t\t<\/div>\n\t\t\t\t<\/div>\n\t\t\t\t\t<\/div>\n\t\t<\/div>\n\t\t\t\t\t<\/div>\n\t\t<\/section>\n\t\t\t\t<section class=\"elementor-section elementor-top-section elementor-element elementor-element-23f2665 elementor-section-boxed elementor-section-height-default elementor-section-height-default\" data-id=\"23f2665\" data-element_type=\"section\" data-e-type=\"section\">\n\t\t\t\t\t\t<div class=\"elementor-container elementor-column-gap-default\">\n\t\t\t\t\t<div class=\"elementor-column elementor-col-50 elementor-top-column elementor-element elementor-element-d295ee3\" data-id=\"d295ee3\" data-element_type=\"column\" data-e-type=\"column\">\n\t\t\t<div class=\"elementor-widget-wrap elementor-element-populated\">\n\t\t\t\t\t\t<div class=\"elementor-element elementor-element-63694b9 elementor-widget elementor-widget-text-editor\" data-id=\"63694b9\" data-element_type=\"widget\" data-e-type=\"widget\" data-widget_type=\"text-editor.default\">\n\t\t\t\t<div class=\"elementor-widget-container\">\n\t\t\t\t\t\t\t\t\t<p>\n<div class=\"wpcf7 no-js\" id=\"wpcf7-f926-o1\" lang=\"fr-FR\" dir=\"ltr\" data-wpcf7-id=\"926\">\n<div class=\"screen-reader-response\"><p role=\"status\" aria-live=\"polite\" aria-atomic=\"true\"><\/p> <ul><\/ul><\/div>\n<form action=\"\/index.php\/wp-json\/wp\/v2\/pages\/170#wpcf7-f926-o1\" method=\"post\" class=\"wpcf7-form init\" aria-label=\"Formulaire de contact\" novalidate=\"novalidate\" data-status=\"init\">\n<fieldset class=\"hidden-fields-container\"><input type=\"hidden\" name=\"_wpcf7\" value=\"926\" \/><input type=\"hidden\" name=\"_wpcf7_version\" value=\"6.1.5\" \/><input type=\"hidden\" name=\"_wpcf7_locale\" value=\"fr_FR\" \/><input type=\"hidden\" name=\"_wpcf7_unit_tag\" value=\"wpcf7-f926-o1\" \/><input type=\"hidden\" name=\"_wpcf7_container_post\" value=\"0\" \/><input type=\"hidden\" name=\"_wpcf7_posted_data_hash\" value=\"\" \/><input type=\"hidden\" name=\"_uacf7_hidden_conditional_fields\" value=\"\" \/><input type=\"hidden\" name=\"_wpcf7_recaptcha_response\" value=\"\" \/>\n<\/fieldset>\n<div class=\"uacf7-form-wrapper-container uacf7-form-926  \"><label> Votre pr\u00e9nom *\n    <span class=\"wpcf7-form-control-wrap\" data-name=\"your-firstname\"><input size=\"40\" maxlength=\"400\" class=\"wpcf7-form-control wpcf7-text wpcf7-validates-as-required\" autocomplete=\"name\" aria-required=\"true\" aria-invalid=\"false\" value=\"\" type=\"text\" name=\"your-firstname\" \/><\/span> <\/label>\n\n<label> Votre nom *\n    <span class=\"wpcf7-form-control-wrap\" data-name=\"your-name\"><input size=\"40\" maxlength=\"400\" class=\"wpcf7-form-control wpcf7-text wpcf7-validates-as-required\" autocomplete=\"name\" aria-required=\"true\" aria-invalid=\"false\" value=\"\" type=\"text\" name=\"your-name\" \/><\/span> <\/label>\n\n<label> Votre e-mail *\n    <span class=\"wpcf7-form-control-wrap\" data-name=\"your-email\"><input size=\"40\" maxlength=\"400\" class=\"wpcf7-form-control wpcf7-email wpcf7-validates-as-required wpcf7-text wpcf7-validates-as-email\" autocomplete=\"email\" aria-required=\"true\" aria-invalid=\"false\" value=\"\" type=\"email\" name=\"your-email\" \/><\/span> <\/label>\n\n<label> Vous \u00eates *\n    <span class=\"wpcf7-form-control-wrap\" data-name=\"your-vous_etes\"><select class=\"wpcf7-form-control wpcf7-select wpcf7-validates-as-required\" aria-required=\"true\" aria-invalid=\"false\" name=\"your-vous_etes\"><option value=\"\">&#8212;Veuillez choisir une option&#8212;<\/option><option value=\"Visiteur\">Visiteur<\/option><option value=\"Exposant\">Exposant<\/option><option value=\"Autre\">Autre<\/option><\/select><\/span> <\/label>\n\n<label> Objet\n    <span class=\"wpcf7-form-control-wrap\" data-name=\"your-subject\"><input size=\"40\" maxlength=\"400\" class=\"wpcf7-form-control wpcf7-text wpcf7-validates-as-required\" aria-required=\"true\" aria-invalid=\"false\" value=\"\" type=\"text\" name=\"your-subject\" \/><\/span> <\/label>\n\n<label> Votre message (facultatif)\n    <span class=\"wpcf7-form-control-wrap\" data-name=\"your-message\"><textarea cols=\"40\" rows=\"10\" maxlength=\"2000\" class=\"wpcf7-form-control wpcf7-textarea\" aria-invalid=\"false\" name=\"your-message\"><\/textarea><\/span> <\/label>\n\n<input class=\"wpcf7-form-control wpcf7-submit has-spinner\" type=\"submit\" value=\"Envoyer\" \/><\/div><p style=\"display: none !important;\" class=\"akismet-fields-container\" data-prefix=\"_wpcf7_ak_\"><label>&#916;<textarea name=\"_wpcf7_ak_hp_textarea\" cols=\"45\" rows=\"8\" maxlength=\"100\"><\/textarea><\/label><input type=\"hidden\" id=\"ak_js_1\" name=\"_wpcf7_ak_js\" value=\"159\"\/><script>document.getElementById( \"ak_js_1\" ).setAttribute( \"value\", ( new Date() ).getTime() );<\/script><\/p><div class=\"wpcf7-response-output\" aria-hidden=\"true\"><\/div>\n<\/form>\n<\/div>\n<br><\/p>\t\t\t\t\t\t\t\t<\/div>\n\t\t\t\t<\/div>\n\t\t\t\t\t<\/div>\n\t\t<\/div>\n\t\t\t\t<div class=\"elementor-column elementor-col-50 elementor-top-column elementor-element elementor-element-9876f1d\" data-id=\"9876f1d\" data-element_type=\"column\" data-e-type=\"column\">\n\t\t\t<div class=\"elementor-widget-wrap elementor-element-populated\">\n\t\t\t\t\t\t<div class=\"elementor-element elementor-element-7fbb651 elementor-widget elementor-widget-text-editor\" data-id=\"7fbb651\" data-element_type=\"widget\" data-e-type=\"widget\" data-widget_type=\"text-editor.default\">\n\t\t\t\t<div class=\"elementor-widget-container\">\n\t\t\t\t\t\t\t\t\t<p>Par mail : contact@samie38.fr<\/p><p>Par t\u00e9l\u00e9phone : 06 71 72 62 47<\/p>\t\t\t\t\t\t\t\t<\/div>\n\t\t\t\t<\/div>\n\t\t\t\t\t<\/div>\n\t\t<\/div>\n\t\t\t\t\t<\/div>\n\t\t<\/section>\n\t\t\t\t<\/div>\n\t\t","protected":false},"excerpt":{"rendered":"<p>Contactez-nous Par mail : contact@samie38.fr Par t\u00e9l\u00e9phone : 06 71 72 62 47<\/p>\n","protected":false},"author":1,"featured_media":0,"parent":0,"menu_order":1,"comment_status":"closed","ping_status":"closed","template":"elementor_header_footer","meta":{"footnotes":""},"class_list":["post-170","page","type-page","status-publish","hentry"],"yoast_head":"<!-- This site is optimized with the Yoast SEO plugin v27.2 - https:\/\/yoast.com\/product\/yoast-seo-wordpress\/ -->\n<title>Nous contacter - Samie - Le salon du mieux-\u00eatre<\/title>\n<meta name=\"robots\" content=\"index, follow, max-snippet:-1, max-image-preview:large, max-video-preview:-1\" \/>\n<link rel=\"canonical\" href=\"https:\/\/www.samie38.fr\/index.php\/nous-contacter\/\" \/>\n<meta property=\"og:locale\" content=\"fr_FR\" \/>\n<meta property=\"og:type\" content=\"article\" \/>\n<meta property=\"og:title\" content=\"Nous contacter - Samie - Le salon du mieux-\u00eatre\" \/>\n<meta property=\"og:description\" content=\"Contactez-nous Par mail : contact@samie38.fr Par t\u00e9l\u00e9phone : 06 71 72 62 47\" \/>\n<meta property=\"og:url\" content=\"https:\/\/www.samie38.fr\/index.php\/nous-contacter\/\" \/>\n<meta property=\"og:site_name\" content=\"Samie - Le salon du mieux-\u00eatre\" \/>\n<meta property=\"article:publisher\" content=\"https:\/\/www.facebook.com\/samie38\/\" \/>\n<meta property=\"article:modified_time\" content=\"2024-06-16T09:34:09+00:00\" \/>\n<meta name=\"twitter:card\" content=\"summary_large_image\" \/>\n<meta name=\"twitter:label1\" content=\"Dur\u00e9e de lecture estim\u00e9e\" \/>\n\t<meta name=\"twitter:data1\" content=\"1 minute\" \/>\n<script type=\"application\/ld+json\" class=\"yoast-schema-graph\">{\"@context\":\"https:\/\/schema.org\",\"@graph\":[{\"@type\":\"WebPage\",\"@id\":\"https:\/\/www.samie38.fr\/index.php\/nous-contacter\/\",\"url\":\"https:\/\/www.samie38.fr\/index.php\/nous-contacter\/\",\"name\":\"Nous contacter - Samie - Le salon du mieux-\u00eatre\",\"isPartOf\":{\"@id\":\"https:\/\/www.samie38.fr\/#website\"},\"datePublished\":\"2023-04-23T12:53:19+00:00\",\"dateModified\":\"2024-06-16T09:34:09+00:00\",\"breadcrumb\":{\"@id\":\"https:\/\/www.samie38.fr\/index.php\/nous-contacter\/#breadcrumb\"},\"inLanguage\":\"fr-FR\",\"potentialAction\":[{\"@type\":\"ReadAction\",\"target\":[\"https:\/\/www.samie38.fr\/index.php\/nous-contacter\/\"]}]},{\"@type\":\"BreadcrumbList\",\"@id\":\"https:\/\/www.samie38.fr\/index.php\/nous-contacter\/#breadcrumb\",\"itemListElement\":[{\"@type\":\"ListItem\",\"position\":1,\"name\":\"Accueil\",\"item\":\"https:\/\/www.samie38.fr\/\"},{\"@type\":\"ListItem\",\"position\":2,\"name\":\"Nous contacter\"}]},{\"@type\":\"WebSite\",\"@id\":\"https:\/\/www.samie38.fr\/#website\",\"url\":\"https:\/\/www.samie38.fr\/\",\"name\":\"Samie - Le salon du mieux-\u00eatre\",\"description\":\"\",\"publisher\":{\"@id\":\"https:\/\/www.samie38.fr\/#organization\"},\"potentialAction\":[{\"@type\":\"SearchAction\",\"target\":{\"@type\":\"EntryPoint\",\"urlTemplate\":\"https:\/\/www.samie38.fr\/?s={search_term_string}\"},\"query-input\":{\"@type\":\"PropertyValueSpecification\",\"valueRequired\":true,\"valueName\":\"search_term_string\"}}],\"inLanguage\":\"fr-FR\"},{\"@type\":\"Organization\",\"@id\":\"https:\/\/www.samie38.fr\/#organization\",\"name\":\"Samie - Le salon du mieux-\u00eatre\",\"url\":\"https:\/\/www.samie38.fr\/\",\"logo\":{\"@type\":\"ImageObject\",\"inLanguage\":\"fr-FR\",\"@id\":\"https:\/\/www.samie38.fr\/#\/schema\/logo\/image\/\",\"url\":\"https:\/\/www.samie38.fr\/wp-content\/uploads\/2023\/04\/Banniere-3-e1719984867829.gif\",\"contentUrl\":\"https:\/\/www.samie38.fr\/wp-content\/uploads\/2023\/04\/Banniere-3-e1719984867829.gif\",\"width\":900,\"height\":300,\"caption\":\"Samie - Le salon du mieux-\u00eatre\"},\"image\":{\"@id\":\"https:\/\/www.samie38.fr\/#\/schema\/logo\/image\/\"},\"sameAs\":[\"https:\/\/www.facebook.com\/samie38\/\"]}]}<\/script>\n<!-- \/ Yoast SEO plugin. -->","yoast_head_json":{"title":"Nous contacter - Samie - Le salon du mieux-\u00eatre","robots":{"index":"index","follow":"follow","max-snippet":"max-snippet:-1","max-image-preview":"max-image-preview:large","max-video-preview":"max-video-preview:-1"},"canonical":"https:\/\/www.samie38.fr\/index.php\/nous-contacter\/","og_locale":"fr_FR","og_type":"article","og_title":"Nous contacter - Samie - Le salon du mieux-\u00eatre","og_description":"Contactez-nous Par mail : contact@samie38.fr Par t\u00e9l\u00e9phone : 06 71 72 62 47","og_url":"https:\/\/www.samie38.fr\/index.php\/nous-contacter\/","og_site_name":"Samie - Le salon du mieux-\u00eatre","article_publisher":"https:\/\/www.facebook.com\/samie38\/","article_modified_time":"2024-06-16T09:34:09+00:00","twitter_card":"summary_large_image","twitter_misc":{"Dur\u00e9e de lecture estim\u00e9e":"1 minute"},"schema":{"@context":"https:\/\/schema.org","@graph":[{"@type":"WebPage","@id":"https:\/\/www.samie38.fr\/index.php\/nous-contacter\/","url":"https:\/\/www.samie38.fr\/index.php\/nous-contacter\/","name":"Nous contacter - Samie - Le salon du mieux-\u00eatre","isPartOf":{"@id":"https:\/\/www.samie38.fr\/#website"},"datePublished":"2023-04-23T12:53:19+00:00","dateModified":"2024-06-16T09:34:09+00:00","breadcrumb":{"@id":"https:\/\/www.samie38.fr\/index.php\/nous-contacter\/#breadcrumb"},"inLanguage":"fr-FR","potentialAction":[{"@type":"ReadAction","target":["https:\/\/www.samie38.fr\/index.php\/nous-contacter\/"]}]},{"@type":"BreadcrumbList","@id":"https:\/\/www.samie38.fr\/index.php\/nous-contacter\/#breadcrumb","itemListElement":[{"@type":"ListItem","position":1,"name":"Accueil","item":"https:\/\/www.samie38.fr\/"},{"@type":"ListItem","position":2,"name":"Nous contacter"}]},{"@type":"WebSite","@id":"https:\/\/www.samie38.fr\/#website","url":"https:\/\/www.samie38.fr\/","name":"Samie - Le salon du mieux-\u00eatre","description":"","publisher":{"@id":"https:\/\/www.samie38.fr\/#organization"},"potentialAction":[{"@type":"SearchAction","target":{"@type":"EntryPoint","urlTemplate":"https:\/\/www.samie38.fr\/?s={search_term_string}"},"query-input":{"@type":"PropertyValueSpecification","valueRequired":true,"valueName":"search_term_string"}}],"inLanguage":"fr-FR"},{"@type":"Organization","@id":"https:\/\/www.samie38.fr\/#organization","name":"Samie - Le salon du mieux-\u00eatre","url":"https:\/\/www.samie38.fr\/","logo":{"@type":"ImageObject","inLanguage":"fr-FR","@id":"https:\/\/www.samie38.fr\/#\/schema\/logo\/image\/","url":"https:\/\/www.samie38.fr\/wp-content\/uploads\/2023\/04\/Banniere-3-e1719984867829.gif","contentUrl":"https:\/\/www.samie38.fr\/wp-content\/uploads\/2023\/04\/Banniere-3-e1719984867829.gif","width":900,"height":300,"caption":"Samie - Le salon du mieux-\u00eatre"},"image":{"@id":"https:\/\/www.samie38.fr\/#\/schema\/logo\/image\/"},"sameAs":["https:\/\/www.facebook.com\/samie38\/"]}]}},"jetpack_sharing_enabled":true,"_links":{"self":[{"href":"https:\/\/www.samie38.fr\/index.php\/wp-json\/wp\/v2\/pages\/170","targetHints":{"allow":["GET"]}}],"collection":[{"href":"https:\/\/www.samie38.fr\/index.php\/wp-json\/wp\/v2\/pages"}],"about":[{"href":"https:\/\/www.samie38.fr\/index.php\/wp-json\/wp\/v2\/types\/page"}],"author":[{"embeddable":true,"href":"https:\/\/www.samie38.fr\/index.php\/wp-json\/wp\/v2\/users\/1"}],"replies":[{"embeddable":true,"href":"https:\/\/www.samie38.fr\/index.php\/wp-json\/wp\/v2\/comments?post=170"}],"version-history":[{"count":31,"href":"https:\/\/www.samie38.fr\/index.php\/wp-json\/wp\/v2\/pages\/170\/revisions"}],"predecessor-version":[{"id":2643,"href":"https:\/\/www.samie38.fr\/index.php\/wp-json\/wp\/v2\/pages\/170\/revisions\/2643"}],"wp:attachment":[{"href":"https:\/\/www.samie38.fr\/index.php\/wp-json\/wp\/v2\/media?parent=170"}],"curies":[{"name":"wp","href":"https:\/\/api.w.org\/{rel}","templated":true}]}}