{"id":7761,"date":"2025-08-11T09:21:29","date_gmt":"2025-08-11T07:21:29","guid":{"rendered":"https:\/\/www.samie38.fr\/?page_id=7761"},"modified":"2025-09-16T07:38:20","modified_gmt":"2025-09-16T05:38:20","slug":"edition-octobre-2025","status":"publish","type":"page","link":"https:\/\/www.samie38.fr\/index.php\/edition-octobre-2025\/","title":{"rendered":"Edition octobre 2025"},"content":{"rendered":"\t\t<div data-elementor-type=\"wp-page\" data-elementor-id=\"7761\" class=\"elementor elementor-7761\" data-elementor-post-type=\"page\">\n\t\t\t\t\t\t<section class=\"elementor-section elementor-top-section elementor-element elementor-element-e44e0d0 elementor-section-boxed elementor-section-height-default elementor-section-height-default\" data-id=\"e44e0d0\" data-element_type=\"section\" data-e-type=\"section\">\n\t\t\t\t\t\t<div class=\"elementor-container elementor-column-gap-default\">\n\t\t\t\t\t<div class=\"elementor-column elementor-col-100 elementor-top-column elementor-element elementor-element-b033db0\" data-id=\"b033db0\" data-element_type=\"column\" data-e-type=\"column\">\n\t\t\t<div class=\"elementor-widget-wrap elementor-element-populated\">\n\t\t\t\t\t\t<div class=\"elementor-element elementor-element-4baddc3 elementor-widget elementor-widget-menu-anchor\" data-id=\"4baddc3\" data-element_type=\"widget\" data-e-type=\"widget\" data-widget_type=\"menu-anchor.default\">\n\t\t\t\t<div class=\"elementor-widget-container\">\n\t\t\t\t\t\t\t<div class=\"elementor-menu-anchor\" id=\"ProgrammeEntier_oct_2025\"><\/div>\n\t\t\t\t\t\t<\/div>\n\t\t\t\t<\/div>\n\t\t\t\t<div class=\"elementor-element elementor-element-5c8bc14 elementor-widget elementor-widget-heading\" data-id=\"5c8bc14\" data-element_type=\"widget\" data-e-type=\"widget\" data-widget_type=\"heading.default\">\n\t\t\t\t<div class=\"elementor-widget-container\">\n\t\t\t\t\t<h2 class=\"elementor-heading-title elementor-size-default\">Edition octobre 2025<\/h2>\t\t\t\t<\/div>\n\t\t\t\t<\/div>\n\t\t\t\t\t<\/div>\n\t\t<\/div>\n\t\t\t\t\t<\/div>\n\t\t<\/section>\n\t\t\t\t<section class=\"elementor-section elementor-top-section elementor-element elementor-element-63d5306 elementor-section-boxed elementor-section-height-default elementor-section-height-default\" data-id=\"63d5306\" data-element_type=\"section\" data-e-type=\"section\">\n\t\t\t\t\t\t<div class=\"elementor-container elementor-column-gap-default\">\n\t\t\t\t\t<div class=\"elementor-column elementor-col-50 elementor-top-column elementor-element elementor-element-796d8c2\" data-id=\"796d8c2\" data-element_type=\"column\" data-e-type=\"column\">\n\t\t\t<div class=\"elementor-widget-wrap elementor-element-populated\">\n\t\t\t\t\t\t<div class=\"elementor-element elementor-element-0c99902 elementor-widget elementor-widget-text-editor\" data-id=\"0c99902\" data-element_type=\"widget\" data-e-type=\"widget\" data-widget_type=\"text-editor.default\">\n\t\t\t\t<div class=\"elementor-widget-container\">\n\t\t\t\t\t\t\t\t\t<div class=\"elementor-element elementor-element-79872a2 elementor-widget elementor-widget-text-editor\" data-id=\"79872a2\" data-element_type=\"widget\" data-widget_type=\"text-editor.default\"><div class=\"elementor-widget-container\"><p>Cette \u00e9dition se tiendra du<\/p><\/div><\/div>\t\t\t\t\t\t\t\t<\/div>\n\t\t\t\t<\/div>\n\t\t\t\t<div class=\"elementor-element elementor-element-5ec7485 elementor-widget elementor-widget-text-editor\" data-id=\"5ec7485\" data-element_type=\"widget\" data-e-type=\"widget\" data-widget_type=\"text-editor.default\">\n\t\t\t\t<div class=\"elementor-widget-container\">\n\t\t\t\t\t\t\t\t\t<div data-id=\"79872a2\" data-element_type=\"widget\" data-widget_type=\"text-editor.default\"><h2>samedi 18 octobre au\u00a0<\/h2><h2>dimanche 19 octobre 2025.<\/h2><\/div>\t\t\t\t\t\t\t\t<\/div>\n\t\t\t\t<\/div>\n\t\t\t\t\t<\/div>\n\t\t<\/div>\n\t\t\t\t<div class=\"elementor-column elementor-col-50 elementor-top-column elementor-element elementor-element-ec10c77\" data-id=\"ec10c77\" data-element_type=\"column\" data-e-type=\"column\">\n\t\t\t<div class=\"elementor-widget-wrap elementor-element-populated\">\n\t\t\t\t\t\t<div class=\"elementor-element elementor-element-f0be088 elementor-widget elementor-widget-text-editor\" data-id=\"f0be088\" data-element_type=\"widget\" data-e-type=\"widget\" data-widget_type=\"text-editor.default\">\n\t\t\t\t<div class=\"elementor-widget-container\">\n\t\t\t\t\t\t\t\t\t<div class=\"elementor-element elementor-element-79872a2 elementor-widget elementor-widget-text-editor\" data-id=\"79872a2\" data-element_type=\"widget\" data-widget_type=\"text-editor.default\"><div class=\"elementor-widget-container\"><p style=\"text-align: left;\">Demandez le programme !\u00a0<\/p><\/div><\/div>\t\t\t\t\t\t\t\t<\/div>\n\t\t\t\t<\/div>\n\t\t\t\t<section class=\"elementor-section elementor-inner-section elementor-element elementor-element-5d2b0c8 elementor-section-boxed elementor-section-height-default elementor-section-height-default\" data-id=\"5d2b0c8\" data-element_type=\"section\" data-e-type=\"section\">\n\t\t\t\t\t\t<div class=\"elementor-container elementor-column-gap-default\">\n\t\t\t\t\t<div class=\"elementor-column elementor-col-100 elementor-inner-column elementor-element elementor-element-b8af962\" data-id=\"b8af962\" data-element_type=\"column\" data-e-type=\"column\">\n\t\t\t<div class=\"elementor-widget-wrap elementor-element-populated\">\n\t\t\t\t\t\t<div class=\"elementor-element elementor-element-f1ab422 elementor-widget elementor-widget-button\" data-id=\"f1ab422\" data-element_type=\"widget\" data-e-type=\"widget\" data-widget_type=\"button.default\">\n\t\t\t\t<div class=\"elementor-widget-container\">\n\t\t\t\t\t\t\t\t\t<div class=\"elementor-button-wrapper\">\n\t\t\t\t\t<a class=\"elementor-button elementor-button-link elementor-size-sm\" href=\"https:\/\/www.samie38.fr\/index.php\/exposants-octobre-2025\/\" target=\"_blank\">\n\t\t\t\t\t\t<span class=\"elementor-button-content-wrapper\">\n\t\t\t\t\t\t\t\t\t<span class=\"elementor-button-text\">Voir la liste des exposants<\/span>\n\t\t\t\t\t<\/span>\n\t\t\t\t\t<\/a>\n\t\t\t\t<\/div>\n\t\t\t\t\t\t\t\t<\/div>\n\t\t\t\t<\/div>\n\t\t\t\t<div class=\"elementor-element elementor-element-fc0f196 elementor-widget elementor-widget-button\" data-id=\"fc0f196\" data-element_type=\"widget\" data-e-type=\"widget\" data-widget_type=\"button.default\">\n\t\t\t\t<div class=\"elementor-widget-container\">\n\t\t\t\t\t\t\t\t\t<div class=\"elementor-button-wrapper\">\n\t\t\t\t\t<a class=\"elementor-button elementor-button-link elementor-size-sm\" href=\"https:\/\/www.samie38.fr\/index.php\/edition-octobre-2025\/conferences-octobre-2025\/\" target=\"_blank\">\n\t\t\t\t\t\t<span class=\"elementor-button-content-wrapper\">\n\t\t\t\t\t\t\t\t\t<span class=\"elementor-button-text\">Voir le programme des conf\u00e9rences et ateliers<\/span>\n\t\t\t\t\t<\/span>\n\t\t\t\t\t<\/a>\n\t\t\t\t<\/div>\n\t\t\t\t\t\t\t\t<\/div>\n\t\t\t\t<\/div>\n\t\t\t\t\t<\/div>\n\t\t<\/div>\n\t\t\t\t\t<\/div>\n\t\t<\/section>\n\t\t\t\t\t<\/div>\n\t\t<\/div>\n\t\t\t\t\t<\/div>\n\t\t<\/section>\n\t\t\t\t<section class=\"elementor-section elementor-top-section elementor-element elementor-element-978e74c elementor-section-boxed elementor-section-height-default elementor-section-height-default\" data-id=\"978e74c\" data-element_type=\"section\" data-e-type=\"section\">\n\t\t\t\t\t\t<div class=\"elementor-container elementor-column-gap-default\">\n\t\t\t\t\t<div class=\"elementor-column elementor-col-50 elementor-top-column elementor-element elementor-element-5bd9a72\" data-id=\"5bd9a72\" data-element_type=\"column\" data-e-type=\"column\">\n\t\t\t<div class=\"elementor-widget-wrap elementor-element-populated\">\n\t\t\t\t\t\t<div class=\"elementor-element elementor-element-ed47ec4 elementor-widget elementor-widget-text-editor\" data-id=\"ed47ec4\" data-element_type=\"widget\" data-e-type=\"widget\" data-widget_type=\"text-editor.default\">\n\t\t\t\t<div class=\"elementor-widget-container\">\n\t\t\t\t\t\t\t\t\t<div class=\"elementor-element elementor-element-79872a2 elementor-widget elementor-widget-text-editor\" data-id=\"79872a2\" data-element_type=\"widget\" data-widget_type=\"text-editor.default\"><div class=\"elementor-widget-container\"><div class=\"elementor-element elementor-element-9ddf186 elementor-widget elementor-widget-text-editor\" data-id=\"9ddf186\" data-element_type=\"widget\" data-widget_type=\"text-editor.default\"><div class=\"elementor-widget-container\"><h3><strong>Lieu du salon<\/strong>:<\/h3><h3><strong><span style=\"color: #993300;\">La Coupole<\/span><\/strong><br \/>59, place M\u00fbre Ravaud<br \/>38250 Villard de Lans<\/h3><h3><strong>Horaires<\/strong> :<\/h3><ul><li><h3>samedi de 10h \u00e0 19h<\/h3><\/li><li><h3>dimanche de 10h \u00e0 18h<\/h3><\/li><\/ul><h3><strong>Tarif<\/strong>\u00a0: Entr\u00e9e gratuite<span style=\"color: var( --e-global-color-text ); font-family: var( --e-global-typography-text-font-family ), Sans-serif; font-weight: var( --e-global-typography-text-font-weight ); font-size: 1rem;\">\u00a0<\/span><\/h3><\/div><\/div><div class=\"elementor-element elementor-element-fb480d1 elementor-widget elementor-widget-text-editor\" data-id=\"fb480d1\" data-element_type=\"widget\" data-widget_type=\"text-editor.default\"><div class=\"elementor-widget-container\"><p><span style=\"color: var( --e-global-color-text ); font-family: var( --e-global-typography-text-font-family ), Sans-serif; font-weight: var( --e-global-typography-text-font-weight ); font-size: 1rem;\">\u00a0<\/span><\/p><\/div><\/div><\/div><\/div>\t\t\t\t\t\t\t\t<\/div>\n\t\t\t\t<\/div>\n\t\t\t\t\t<\/div>\n\t\t<\/div>\n\t\t\t\t<div class=\"elementor-column elementor-col-50 elementor-top-column elementor-element elementor-element-74a14a9\" data-id=\"74a14a9\" data-element_type=\"column\" data-e-type=\"column\">\n\t\t\t<div class=\"elementor-widget-wrap elementor-element-populated\">\n\t\t\t\t\t\t<div class=\"elementor-element elementor-element-96f0fbc elementor-widget elementor-widget-text-editor\" data-id=\"96f0fbc\" data-element_type=\"widget\" data-e-type=\"widget\" data-widget_type=\"text-editor.default\">\n\t\t\t\t<div class=\"elementor-widget-container\">\n\t\t\t\t\t\t\t\t\t<h3><strong>Lieu des conf\u00e9rences et ateliers :<\/strong><\/h3><h3><strong><span style=\"color: #993300;\">Salle de la Verri\u00e8re.<\/span><\/strong><\/h3><p>Cette salle vitr\u00e9e est situ\u00e9e derri\u00e8re l\u2019office de tourisme de Villard de Lans.<\/p><p>Adresse de l\u2019Office de Tourisme : 31 avenue du G\u00e9n\u00e9ral de Gaulle, 38250 Villard de Lans<\/p><h3><strong>Horaires<\/strong> :<\/h3><ul><li><h3>samedi de 10h30 \u00e0\u00a0 19h<\/h3><\/li><li><h3>dimanche de 10h \u00e0 17h30<\/h3><\/li><\/ul><h3><strong>Tarif<\/strong>\u00a0: Entr\u00e9e gratuite<span style=\"color: var( --e-global-color-text ); font-family: var( --e-global-typography-text-font-family ), Sans-serif; font-weight: var( --e-global-typography-text-font-weight ); font-size: 1rem;\">\u00a0<\/span><\/h3>\t\t\t\t\t\t\t\t<\/div>\n\t\t\t\t<\/div>\n\t\t\t\t\t<\/div>\n\t\t<\/div>\n\t\t\t\t\t<\/div>\n\t\t<\/section>\n\t\t\t\t<section class=\"elementor-section elementor-top-section elementor-element elementor-element-2cb310f elementor-section-boxed elementor-section-height-default elementor-section-height-default\" data-id=\"2cb310f\" data-element_type=\"section\" data-e-type=\"section\">\n\t\t\t\t\t\t<div class=\"elementor-container elementor-column-gap-default\">\n\t\t\t\t\t<div class=\"elementor-column elementor-col-50 elementor-top-column elementor-element elementor-element-52ff507\" data-id=\"52ff507\" data-element_type=\"column\" data-e-type=\"column\">\n\t\t\t<div class=\"elementor-widget-wrap elementor-element-populated\">\n\t\t\t\t\t\t<div class=\"elementor-element elementor-element-67a5283 elementor-widget elementor-widget-google_maps\" data-id=\"67a5283\" data-element_type=\"widget\" data-e-type=\"widget\" data-widget_type=\"google_maps.default\">\n\t\t\t\t<div class=\"elementor-widget-container\">\n\t\t\t\t\t\t\t<div class=\"elementor-custom-embed\">\n\t\t\t<iframe loading=\"lazy\"\n\t\t\t\t\tsrc=\"https:\/\/maps.google.com\/maps?q=59%20place%20M%C3%BBre%20ravaud%2038250%20Villard%20de%20Lans&#038;t=m&#038;z=18&#038;output=embed&#038;iwloc=near\"\n\t\t\t\t\ttitle=\"59 place M\u00fbre ravaud 38250 Villard de Lans\"\n\t\t\t\t\taria-label=\"59 place M\u00fbre ravaud 38250 Villard de Lans\"\n\t\t\t><\/iframe>\n\t\t<\/div>\n\t\t\t\t\t\t<\/div>\n\t\t\t\t<\/div>\n\t\t\t\t\t<\/div>\n\t\t<\/div>\n\t\t\t\t<div class=\"elementor-column elementor-col-50 elementor-top-column elementor-element elementor-element-6e68b3e\" data-id=\"6e68b3e\" data-element_type=\"column\" data-e-type=\"column\">\n\t\t\t<div class=\"elementor-widget-wrap elementor-element-populated\">\n\t\t\t\t\t\t<div class=\"elementor-element elementor-element-b9600ae elementor-widget elementor-widget-google_maps\" data-id=\"b9600ae\" data-element_type=\"widget\" data-e-type=\"widget\" data-widget_type=\"google_maps.default\">\n\t\t\t\t<div class=\"elementor-widget-container\">\n\t\t\t\t\t\t\t<div class=\"elementor-custom-embed\">\n\t\t\t<iframe loading=\"lazy\"\n\t\t\t\t\tsrc=\"https:\/\/maps.google.com\/maps?q=31%20avenue%20du%20G%C3%A9n%C3%A9ral%20de%20Gaulle%2C%2038250%20Villard%20de%20Lans&#038;t=m&#038;z=18&#038;output=embed&#038;iwloc=near\"\n\t\t\t\t\ttitle=\"31 avenue du G\u00e9n\u00e9ral de Gaulle, 38250 Villard de Lans\"\n\t\t\t\t\taria-label=\"31 avenue du G\u00e9n\u00e9ral de Gaulle, 38250 Villard de Lans\"\n\t\t\t><\/iframe>\n\t\t<\/div>\n\t\t\t\t\t\t<\/div>\n\t\t\t\t<\/div>\n\t\t\t\t\t<\/div>\n\t\t<\/div>\n\t\t\t\t\t<\/div>\n\t\t<\/section>\n\t\t\t\t<\/div>\n\t\t","protected":false},"excerpt":{"rendered":"<p>Edition octobre 2025 Cette \u00e9dition se tiendra du samedi 18 octobre au\u00a0 dimanche 19 octobre 2025. Demandez le programme !\u00a0 Voir la liste des exposants Voir le programme des conf\u00e9rences et ateliers Lieu du salon: La Coupole59, place M\u00fbre Ravaud38250 Villard de Lans Horaires : samedi de 10h \u00e0 19h dimanche de 10h \u00e0 18h [&hellip;]<\/p>\n","protected":false},"author":1,"featured_media":0,"parent":0,"menu_order":0,"comment_status":"closed","ping_status":"closed","template":"elementor_header_footer","meta":{"footnotes":""},"class_list":["post-7761","page","type-page","status-publish","hentry"],"yoast_head":"<!-- This site is optimized with the Yoast SEO plugin v27.2 - https:\/\/yoast.com\/product\/yoast-seo-wordpress\/ -->\n<title>Edition octobre 2025 - Samie - Le salon du mieux-\u00eatre<\/title>\n<meta name=\"robots\" content=\"index, follow, max-snippet:-1, max-image-preview:large, max-video-preview:-1\" \/>\n<link rel=\"canonical\" href=\"https:\/\/www.samie38.fr\/index.php\/edition-octobre-2025\/\" \/>\n<meta property=\"og:locale\" content=\"fr_FR\" \/>\n<meta property=\"og:type\" content=\"article\" \/>\n<meta property=\"og:title\" content=\"Edition octobre 2025 - Samie - Le salon du mieux-\u00eatre\" \/>\n<meta property=\"og:description\" content=\"Edition octobre 2025 Cette \u00e9dition se tiendra du samedi 18 octobre au\u00a0 dimanche 19 octobre 2025. Demandez le programme !\u00a0 Voir la liste des exposants Voir le programme des conf\u00e9rences et ateliers Lieu du salon: La Coupole59, place M\u00fbre Ravaud38250 Villard de Lans Horaires : samedi de 10h \u00e0 19h dimanche de 10h \u00e0 18h [&hellip;]\" \/>\n<meta property=\"og:url\" content=\"https:\/\/www.samie38.fr\/index.php\/edition-octobre-2025\/\" \/>\n<meta property=\"og:site_name\" content=\"Samie - Le salon du mieux-\u00eatre\" \/>\n<meta property=\"article:publisher\" content=\"https:\/\/www.facebook.com\/samie38\/\" \/>\n<meta property=\"article:modified_time\" content=\"2025-09-16T05:38:20+00:00\" \/>\n<meta name=\"twitter:card\" content=\"summary_large_image\" \/>\n<meta name=\"twitter:label1\" content=\"Dur\u00e9e de lecture estim\u00e9e\" \/>\n\t<meta name=\"twitter:data1\" content=\"1 minute\" \/>\n<script type=\"application\/ld+json\" class=\"yoast-schema-graph\">{\"@context\":\"https:\/\/schema.org\",\"@graph\":[{\"@type\":\"WebPage\",\"@id\":\"https:\/\/www.samie38.fr\/index.php\/edition-octobre-2025\/\",\"url\":\"https:\/\/www.samie38.fr\/index.php\/edition-octobre-2025\/\",\"name\":\"Edition octobre 2025 - Samie - Le salon du mieux-\u00eatre\",\"isPartOf\":{\"@id\":\"https:\/\/www.samie38.fr\/#website\"},\"datePublished\":\"2025-08-11T07:21:29+00:00\",\"dateModified\":\"2025-09-16T05:38:20+00:00\",\"breadcrumb\":{\"@id\":\"https:\/\/www.samie38.fr\/index.php\/edition-octobre-2025\/#breadcrumb\"},\"inLanguage\":\"fr-FR\",\"potentialAction\":[{\"@type\":\"ReadAction\",\"target\":[\"https:\/\/www.samie38.fr\/index.php\/edition-octobre-2025\/\"]}]},{\"@type\":\"BreadcrumbList\",\"@id\":\"https:\/\/www.samie38.fr\/index.php\/edition-octobre-2025\/#breadcrumb\",\"itemListElement\":[{\"@type\":\"ListItem\",\"position\":1,\"name\":\"Accueil\",\"item\":\"https:\/\/www.samie38.fr\/\"},{\"@type\":\"ListItem\",\"position\":2,\"name\":\"Edition octobre 2025\"}]},{\"@type\":\"WebSite\",\"@id\":\"https:\/\/www.samie38.fr\/#website\",\"url\":\"https:\/\/www.samie38.fr\/\",\"name\":\"Samie - Le salon du mieux-\u00eatre\",\"description\":\"\",\"publisher\":{\"@id\":\"https:\/\/www.samie38.fr\/#organization\"},\"potentialAction\":[{\"@type\":\"SearchAction\",\"target\":{\"@type\":\"EntryPoint\",\"urlTemplate\":\"https:\/\/www.samie38.fr\/?s={search_term_string}\"},\"query-input\":{\"@type\":\"PropertyValueSpecification\",\"valueRequired\":true,\"valueName\":\"search_term_string\"}}],\"inLanguage\":\"fr-FR\"},{\"@type\":\"Organization\",\"@id\":\"https:\/\/www.samie38.fr\/#organization\",\"name\":\"Samie - Le salon du mieux-\u00eatre\",\"url\":\"https:\/\/www.samie38.fr\/\",\"logo\":{\"@type\":\"ImageObject\",\"inLanguage\":\"fr-FR\",\"@id\":\"https:\/\/www.samie38.fr\/#\/schema\/logo\/image\/\",\"url\":\"https:\/\/www.samie38.fr\/wp-content\/uploads\/2023\/04\/Banniere-3-e1719984867829.gif\",\"contentUrl\":\"https:\/\/www.samie38.fr\/wp-content\/uploads\/2023\/04\/Banniere-3-e1719984867829.gif\",\"width\":900,\"height\":300,\"caption\":\"Samie - Le salon du mieux-\u00eatre\"},\"image\":{\"@id\":\"https:\/\/www.samie38.fr\/#\/schema\/logo\/image\/\"},\"sameAs\":[\"https:\/\/www.facebook.com\/samie38\/\"]}]}<\/script>\n<!-- \/ Yoast SEO plugin. -->","yoast_head_json":{"title":"Edition octobre 2025 - Samie - Le salon du mieux-\u00eatre","robots":{"index":"index","follow":"follow","max-snippet":"max-snippet:-1","max-image-preview":"max-image-preview:large","max-video-preview":"max-video-preview:-1"},"canonical":"https:\/\/www.samie38.fr\/index.php\/edition-octobre-2025\/","og_locale":"fr_FR","og_type":"article","og_title":"Edition octobre 2025 - Samie - Le salon du mieux-\u00eatre","og_description":"Edition octobre 2025 Cette \u00e9dition se tiendra du samedi 18 octobre au\u00a0 dimanche 19 octobre 2025. Demandez le programme !\u00a0 Voir la liste des exposants Voir le programme des conf\u00e9rences et ateliers Lieu du salon: La Coupole59, place M\u00fbre Ravaud38250 Villard de Lans Horaires : samedi de 10h \u00e0 19h dimanche de 10h \u00e0 18h [&hellip;]","og_url":"https:\/\/www.samie38.fr\/index.php\/edition-octobre-2025\/","og_site_name":"Samie - Le salon du mieux-\u00eatre","article_publisher":"https:\/\/www.facebook.com\/samie38\/","article_modified_time":"2025-09-16T05:38:20+00:00","twitter_card":"summary_large_image","twitter_misc":{"Dur\u00e9e de lecture estim\u00e9e":"1 minute"},"schema":{"@context":"https:\/\/schema.org","@graph":[{"@type":"WebPage","@id":"https:\/\/www.samie38.fr\/index.php\/edition-octobre-2025\/","url":"https:\/\/www.samie38.fr\/index.php\/edition-octobre-2025\/","name":"Edition octobre 2025 - Samie - Le salon du mieux-\u00eatre","isPartOf":{"@id":"https:\/\/www.samie38.fr\/#website"},"datePublished":"2025-08-11T07:21:29+00:00","dateModified":"2025-09-16T05:38:20+00:00","breadcrumb":{"@id":"https:\/\/www.samie38.fr\/index.php\/edition-octobre-2025\/#breadcrumb"},"inLanguage":"fr-FR","potentialAction":[{"@type":"ReadAction","target":["https:\/\/www.samie38.fr\/index.php\/edition-octobre-2025\/"]}]},{"@type":"BreadcrumbList","@id":"https:\/\/www.samie38.fr\/index.php\/edition-octobre-2025\/#breadcrumb","itemListElement":[{"@type":"ListItem","position":1,"name":"Accueil","item":"https:\/\/www.samie38.fr\/"},{"@type":"ListItem","position":2,"name":"Edition octobre 2025"}]},{"@type":"WebSite","@id":"https:\/\/www.samie38.fr\/#website","url":"https:\/\/www.samie38.fr\/","name":"Samie - Le salon du mieux-\u00eatre","description":"","publisher":{"@id":"https:\/\/www.samie38.fr\/#organization"},"potentialAction":[{"@type":"SearchAction","target":{"@type":"EntryPoint","urlTemplate":"https:\/\/www.samie38.fr\/?s={search_term_string}"},"query-input":{"@type":"PropertyValueSpecification","valueRequired":true,"valueName":"search_term_string"}}],"inLanguage":"fr-FR"},{"@type":"Organization","@id":"https:\/\/www.samie38.fr\/#organization","name":"Samie - Le salon du mieux-\u00eatre","url":"https:\/\/www.samie38.fr\/","logo":{"@type":"ImageObject","inLanguage":"fr-FR","@id":"https:\/\/www.samie38.fr\/#\/schema\/logo\/image\/","url":"https:\/\/www.samie38.fr\/wp-content\/uploads\/2023\/04\/Banniere-3-e1719984867829.gif","contentUrl":"https:\/\/www.samie38.fr\/wp-content\/uploads\/2023\/04\/Banniere-3-e1719984867829.gif","width":900,"height":300,"caption":"Samie - Le salon du mieux-\u00eatre"},"image":{"@id":"https:\/\/www.samie38.fr\/#\/schema\/logo\/image\/"},"sameAs":["https:\/\/www.facebook.com\/samie38\/"]}]}},"jetpack_sharing_enabled":true,"_links":{"self":[{"href":"https:\/\/www.samie38.fr\/index.php\/wp-json\/wp\/v2\/pages\/7761","targetHints":{"allow":["GET"]}}],"collection":[{"href":"https:\/\/www.samie38.fr\/index.php\/wp-json\/wp\/v2\/pages"}],"about":[{"href":"https:\/\/www.samie38.fr\/index.php\/wp-json\/wp\/v2\/types\/page"}],"author":[{"embeddable":true,"href":"https:\/\/www.samie38.fr\/index.php\/wp-json\/wp\/v2\/users\/1"}],"replies":[{"embeddable":true,"href":"https:\/\/www.samie38.fr\/index.php\/wp-json\/wp\/v2\/comments?post=7761"}],"version-history":[{"count":37,"href":"https:\/\/www.samie38.fr\/index.php\/wp-json\/wp\/v2\/pages\/7761\/revisions"}],"predecessor-version":[{"id":8334,"href":"https:\/\/www.samie38.fr\/index.php\/wp-json\/wp\/v2\/pages\/7761\/revisions\/8334"}],"wp:attachment":[{"href":"https:\/\/www.samie38.fr\/index.php\/wp-json\/wp\/v2\/media?parent=7761"}],"curies":[{"name":"wp","href":"https:\/\/api.w.org\/{rel}","templated":true}]}}